{"id":1158,"date":"2024-04-12T12:56:27","date_gmt":"2024-04-12T10:56:27","guid":{"rendered":"https:\/\/orfebreriamarmolejo.es\/?page_id=1158"},"modified":"2024-07-16T12:15:11","modified_gmt":"2024-07-16T10:15:11","slug":"formulario-de-contacto-accesibilidad","status":"publish","type":"page","link":"https:\/\/orfebreriamarmolejo.es\/en\/formulario-de-contacto-accesibilidad\/","title":{"rendered":"Formulario de contacto: accesibilidad"},"content":{"rendered":"<div data-elementor-type=\"wp-page\" data-elementor-id=\"1158\" class=\"elementor elementor-1158\" data-elementor-post-type=\"page\">\n\t\t\t\t<div class=\"elementor-element elementor-element-06e6b74 e-flex e-con-boxed e-con e-parent\" data-id=\"06e6b74\" data-element_type=\"container\">\n\t\t\t\t\t<div class=\"e-con-inner\">\n\t\t\t\t<div class=\"elementor-element elementor-element-51434ef elementor-widget elementor-widget-text-editor\" data-id=\"51434ef\" data-element_type=\"widget\" data-widget_type=\"text-editor.default\">\n\t\t\t\t<div class=\"elementor-widget-container\">\n\t\t\t<style>\/*! elementor - v3.23.0 - 05-08-2024 *\/\n.elementor-widget-text-editor.elementor-drop-cap-view-stacked .elementor-drop-cap{background-color:#69727d;color:#fff}.elementor-widget-text-editor.elementor-drop-cap-view-framed .elementor-drop-cap{color:#69727d;border:3px solid;background-color:transparent}.elementor-widget-text-editor:not(.elementor-drop-cap-view-default) .elementor-drop-cap{margin-top:8px}.elementor-widget-text-editor:not(.elementor-drop-cap-view-default) .elementor-drop-cap-letter{width:1em;height:1em}.elementor-widget-text-editor .elementor-drop-cap{float:left;text-align:center;line-height:1;font-size:50px}.elementor-widget-text-editor .elementor-drop-cap-letter{display:inline-block}<\/style>\t\t\t\t<div class=\"elementor-element elementor-element-c090ccd e-flex e-con-boxed e-con e-parent\" data-id=\"c090ccd\" data-element_type=\"container\" data-settings=\"{&quot;content_width&quot;:&quot;boxed&quot;}\" data-core-v316-plus=\"true\"><div class=\"e-con-inner\"><div class=\"elementor-element elementor-element-20e9b34c elementor-widget elementor-widget-text-editor\" data-id=\"20e9b34c\" data-element_type=\"widget\" data-widget_type=\"text-editor.default\"><div class=\"elementor-widget-container\"><p>A trav\u00e9s de este formulario puede realizar comunicaciones sobre requisitos de accesibilidad (art\u00edculo 10.2.a del RD 1112\/2018): informar sobre cualquier posible incumplimiento por parte de este sitio web, transmitir otras dificultades de acceso al contenido o formular cualquier otra consulta o sugerencia de mejora relativa a la accesibilidad del sitio web.<\/p><\/div><\/div><\/div><\/div>\t\t\t\t\t\t<\/div>\n\t\t\t\t<\/div>\n\t\t\t\t<div class=\"elementor-element elementor-element-3c4dae2 elementor-widget elementor-widget-wpforms\" data-id=\"3c4dae2\" data-element_type=\"widget\" data-widget_type=\"wpforms.default\">\n\t\t\t\t<div class=\"elementor-widget-container\">\n\t\t\t<style id=\"wpforms-css-vars-root\">\n\t\t\t\t:root {\n\t\t\t\t\t--wpforms-field-border-radius: 3px;\n--wpforms-field-border-style: solid;\n--wpforms-field-border-size: 1px;\n--wpforms-field-background-color: #ffffff;\n--wpforms-field-border-color: rgba( 0, 0, 0, 0.25 );\n--wpforms-field-border-color-spare: rgba( 0, 0, 0, 0.25 );\n--wpforms-field-text-color: rgba( 0, 0, 0, 0.7 );\n--wpforms-field-menu-color: #ffffff;\n--wpforms-label-color: rgba( 0, 0, 0, 0.85 );\n--wpforms-label-sublabel-color: rgba( 0, 0, 0, 0.55 );\n--wpforms-label-error-color: #d63637;\n--wpforms-button-border-radius: 3px;\n--wpforms-button-border-style: none;\n--wpforms-button-border-size: 1px;\n--wpforms-button-background-color: #066aab;\n--wpforms-button-border-color: #066aab;\n--wpforms-button-text-color: #ffffff;\n--wpforms-page-break-color: #066aab;\n--wpforms-background-image: none;\n--wpforms-background-position: center center;\n--wpforms-background-repeat: no-repeat;\n--wpforms-background-size: cover;\n--wpforms-background-width: 100px;\n--wpforms-background-height: 100px;\n--wpforms-background-color: rgba( 0, 0, 0, 0 );\n--wpforms-background-url: none;\n--wpforms-container-padding: 0px;\n--wpforms-container-border-style: none;\n--wpforms-container-border-width: 1px;\n--wpforms-container-border-color: #000000;\n--wpforms-container-border-radius: 3px;\n--wpforms-field-size-input-height: 43px;\n--wpforms-field-size-input-spacing: 15px;\n--wpforms-field-size-font-size: 16px;\n--wpforms-field-size-line-height: 19px;\n--wpforms-field-size-padding-h: 14px;\n--wpforms-field-size-checkbox-size: 16px;\n--wpforms-field-size-sublabel-spacing: 5px;\n--wpforms-field-size-icon-size: 1;\n--wpforms-label-size-font-size: 16px;\n--wpforms-label-size-line-height: 19px;\n--wpforms-label-size-sublabel-font-size: 14px;\n--wpforms-label-size-sublabel-line-height: 17px;\n--wpforms-button-size-font-size: 17px;\n--wpforms-button-size-height: 41px;\n--wpforms-button-size-padding-h: 15px;\n--wpforms-button-size-margin-top: 10px;\n--wpforms-container-shadow-size-box-shadow: none;\n\n\t\t\t\t}\n\t\t\t<\/style><style id=\"wpforms-css-vars-elementor-widget-3c4dae2\">\n\t\t\t\t.elementor-widget-wpforms.elementor-element-3c4dae2 {\n\t\t\t\t\t--wpforms-field-size-input-height: 43px;\n--wpforms-field-size-input-spacing: 15px;\n--wpforms-field-size-font-size: 16px;\n--wpforms-field-size-line-height: 19px;\n--wpforms-field-size-padding-h: 14px;\n--wpforms-field-size-checkbox-size: 16px;\n--wpforms-field-size-sublabel-spacing: 5px;\n--wpforms-field-size-icon-size: 1;\n--wpforms-label-size-font-size: 16px;\n--wpforms-label-size-line-height: 19px;\n--wpforms-label-size-sublabel-font-size: 14px;\n--wpforms-label-size-sublabel-line-height: 17px;\n--wpforms-button-size-font-size: 17px;\n--wpforms-button-size-height: 41px;\n--wpforms-button-size-padding-h: 15px;\n--wpforms-button-size-margin-top: 10px;\n\n\t\t\t\t}\n\t\t\t<\/style><div class=\"wpforms-container wpforms-container-full wpforms-render-modern\" id=\"wpforms-1163\"><form id=\"wpforms-form-1163\" class=\"wpforms-validate wpforms-form wpforms-ajax-form\" data-formid=\"1163\" method=\"post\" enctype=\"multipart\/form-data\" action=\"\/en\/wp-json\/wp\/v2\/pages\/1158\" data-token=\"07fef610d4749b5d2b701be98a0715da\" data-token-time=\"1776667065\" data-trp-original-action=\"\/en\/wp-json\/wp\/v2\/pages\/1158\"><noscript class=\"wpforms-error-noscript\">Please enable JavaScript in your browser to complete this form.<\/noscript><div class=\"wpforms-hidden\" id=\"wpforms-error-noscript\">Please enable JavaScript in your browser to complete this form.<\/div><div class=\"wpforms-field-container\"><div id=\"wpforms-1163-field_0-container\" class=\"wpforms-field wpforms-field-name\" data-field-id=\"0\"><fieldset><legend class=\"wpforms-field-label\">Name <span class=\"wpforms-required-label\" aria-hidden=\"true\">*<\/span><\/legend><div class=\"wpforms-field-row wpforms-field-medium\"><div class=\"wpforms-field-row-block wpforms-first wpforms-one-half\"><input type=\"text\" id=\"wpforms-1163-field_0\" class=\"wpforms-field-name-first wpforms-field-required\" name=\"wpforms[fields][0][first]\" aria-errormessage=\"wpforms-1163-field_0-error\" required><label for=\"wpforms-1163-field_0\" class=\"wpforms-field-sublabel after\">First<\/label><\/div><div class=\"wpforms-field-row-block wpforms-one-half\"><input type=\"text\" id=\"wpforms-1163-field_0-last\" class=\"wpforms-field-name-last wpforms-field-required\" name=\"wpforms[fields][0][last]\" aria-errormessage=\"wpforms-1163-field_0-last-error\" required><label for=\"wpforms-1163-field_0-last\" class=\"wpforms-field-sublabel after\">Last<\/label><\/div><\/div><\/fieldset><\/div><div id=\"wpforms-1163-field_3-container\" class=\"wpforms-field wpforms-field-text\" data-field-id=\"3\"><label class=\"wpforms-field-label\" for=\"wpforms-1163-field_3\">Organizaci\u00f3n <span class=\"wpforms-required-label\" aria-hidden=\"true\">*<\/span><\/label><input type=\"text\" id=\"wpforms-1163-field_3\" class=\"wpforms-field-medium wpforms-field-required\" name=\"wpforms[fields][3]\" aria-errormessage=\"wpforms-1163-field_3-error\" required><\/div><div id=\"wpforms-1163-field_1-container\" class=\"wpforms-field wpforms-field-email\" data-field-id=\"1\"><label class=\"wpforms-field-label\" for=\"wpforms-1163-field_1\">E-mail address <span class=\"wpforms-required-label\" aria-hidden=\"true\">*<\/span><\/label><input type=\"email\" id=\"wpforms-1163-field_1\" class=\"wpforms-field-medium wpforms-field-required\" name=\"wpforms[fields][1]\" spellcheck=\"false\" aria-errormessage=\"wpforms-1163-field_1-error\" required><\/div><div id=\"wpforms-1163-field_4-container\" class=\"wpforms-field wpforms-field-text\" data-field-id=\"4\"><label class=\"wpforms-field-label\" for=\"wpforms-1163-field_4\">Subject <span class=\"wpforms-required-label\" aria-hidden=\"true\">*<\/span><\/label><input type=\"text\" id=\"wpforms-1163-field_4\" class=\"wpforms-field-medium wpforms-field-required\" name=\"wpforms[fields][4]\" aria-errormessage=\"wpforms-1163-field_4-error\" required><\/div><div id=\"wpforms-1163-field_2-container\" class=\"wpforms-field wpforms-field-textarea\" data-field-id=\"2\"><label class=\"wpforms-field-label\" for=\"wpforms-1163-field_2\">D\u00e9jenos aqui su mensaje  <span class=\"wpforms-required-label\" aria-hidden=\"true\">*<\/span><\/label><textarea id=\"wpforms-1163-field_2\" class=\"wpforms-field-medium wpforms-field-required\" name=\"wpforms[fields][2]\" aria-errormessage=\"wpforms-1163-field_2-error\" required><\/textarea><\/div><div id=\"wpforms-1163-field_5-container\" class=\"wpforms-field wpforms-field-checkbox\" data-field-id=\"5\"><fieldset><legend class=\"wpforms-field-label\"><\/legend><ul id=\"wpforms-1163-field_5\"><li class=\"choice-1 depth-1\"><input type=\"checkbox\" id=\"wpforms-1163-field_5_1\" name=\"wpforms[fields][5][]\" value=\"He le\u00eddo y acepto la &lt;a style=&quot;\u201ccolor:#C73430;\u201c&quot; href=&quot;\u201chttps:\/\/orfebreriamarmolejo.es\/privacidad\/\u201d&quot; target=&quot;\u201c_blank\u201d&quot;&gt;Pol\u00edtica de Privacidad&lt;\/a&gt;.\" aria-errormessage=\"wpforms-1163-field_5_1-error\"  ><label class=\"wpforms-field-label-inline\" for=\"wpforms-1163-field_5_1\">I have read and accept the <a style=\"\u201c\" href=\"\/\/orfebreriamarmolejo.es\/en\/privacidad\/\u201d\/\" target=\"\u201c_blank\u201d\">Privacy Policy<\/a>.<\/label><\/li><\/ul><\/fieldset><\/div><\/div><!-- .wpforms-field-container --><div class=\"wpforms-submit-container\" ><input type=\"hidden\" name=\"wpforms[id]\" value=\"1163\"><input type=\"hidden\" name=\"page_title\" value=\"\"><input type=\"hidden\" name=\"page_url\" value=\"https:\/\/orfebreriamarmolejo.es\/en\/wp-json\/wp\/v2\/pages\/1158\"><button type=\"submit\" name=\"wpforms[submit]\" id=\"wpforms-submit-1163\" class=\"wpforms-submit\" data-alt-text=\"Enviando...\" data-submit-text=\"Enviar\" aria-live=\"assertive\" value=\"wpforms-submit\">Send<\/button><img decoding=\"async\" src=\"https:\/\/orfebreriamarmolejo.es\/wp-content\/plugins\/wpforms-lite\/assets\/images\/submit-spin.svg\" class=\"wpforms-submit-spinner\" style=\"display: none;\" width=\"26\" height=\"26\" alt=\"Loading\"><\/div><input type=\"hidden\" name=\"trp-form-language\" value=\"en\"\/><\/form><\/div>  <!-- .wpforms-container -->\t\t<\/div>\n\t\t\t\t<\/div>\n\t\t\t\t\t<\/div>\n\t\t\t\t<\/div>\n\t\t\t\t<\/div>","protected":false},"excerpt":{"rendered":"<p>A trav\u00e9s de este formulario puede realizar comunicaciones sobre requisitos de accesibilidad (art\u00edculo 10.2.a del RD 1112\/2018): informar sobre cualquier posible incumplimiento por parte de este sitio web, transmitir otras dificultades de acceso al contenido o formular cualquier otra consulta o sugerencia de mejora relativa a la accesibilidad del sitio web. Por favor, activa JavaScript [&hellip;]<\/p>","protected":false},"author":1,"featured_media":0,"parent":0,"menu_order":0,"comment_status":"closed","ping_status":"closed","template":"","meta":{"footnotes":""},"class_list":["post-1158","page","type-page","status-publish","hentry"],"yoast_head":"<!-- This site is optimized with the Yoast SEO plugin v23.2 - https:\/\/yoast.com\/wordpress\/plugins\/seo\/ -->\n<title>Formulario de contacto: accesibilidad - Orfebrer\u00eda Marmolejo - Orfebres en Sevilla<\/title>\n<meta name=\"robots\" content=\"index, follow, max-snippet:-1, max-image-preview:large, max-video-preview:-1\" \/>\n<link rel=\"canonical\" href=\"https:\/\/orfebreriamarmolejo.es\/en\/formulario-de-contacto-accesibilidad\/\" \/>\n<meta property=\"og:locale\" content=\"en_GB\" \/>\n<meta property=\"og:type\" content=\"article\" \/>\n<meta property=\"og:title\" content=\"Formulario de contacto: accesibilidad - Orfebrer\u00eda Marmolejo - Orfebres en Sevilla\" \/>\n<meta property=\"og:description\" content=\"A trav\u00e9s de este formulario puede realizar comunicaciones sobre requisitos de accesibilidad (art\u00edculo 10.2.a del RD 1112\/2018): informar sobre cualquier posible incumplimiento por parte de este sitio web, transmitir otras dificultades de acceso al contenido o formular cualquier otra consulta o sugerencia de mejora relativa a la accesibilidad del sitio web. Por favor, activa JavaScript [&hellip;]\" \/>\n<meta property=\"og:url\" content=\"https:\/\/orfebreriamarmolejo.es\/en\/formulario-de-contacto-accesibilidad\/\" \/>\n<meta property=\"og:site_name\" content=\"Orfebrer\u00eda Marmolejo - Orfebres en Sevilla\" \/>\n<meta property=\"article:modified_time\" content=\"2024-07-16T10:15:11+00:00\" \/>\n<meta property=\"og:image\" content=\"https:\/\/orfebreriamarmolejo.es\/wp-content\/plugins\/wpforms-lite\/assets\/images\/submit-spin.svg\" \/>\n<meta name=\"twitter:card\" content=\"summary_large_image\" \/>\n<meta name=\"twitter:label1\" content=\"Estimated reading time\" \/>\n\t<meta name=\"twitter:data1\" content=\"1 minute\" \/>\n<script type=\"application\/ld+json\" class=\"yoast-schema-graph\">{\"@context\":\"https:\/\/schema.org\",\"@graph\":[{\"@type\":\"WebPage\",\"@id\":\"https:\/\/orfebreriamarmolejo.es\/formulario-de-contacto-accesibilidad\/\",\"url\":\"https:\/\/orfebreriamarmolejo.es\/formulario-de-contacto-accesibilidad\/\",\"name\":\"Formulario de contacto: accesibilidad - Orfebrer\u00eda Marmolejo - Orfebres en Sevilla\",\"isPartOf\":{\"@id\":\"https:\/\/orfebreriamarmolejo.es\/#website\"},\"primaryImageOfPage\":{\"@id\":\"https:\/\/orfebreriamarmolejo.es\/formulario-de-contacto-accesibilidad\/#primaryimage\"},\"image\":{\"@id\":\"https:\/\/orfebreriamarmolejo.es\/formulario-de-contacto-accesibilidad\/#primaryimage\"},\"thumbnailUrl\":\"https:\/\/orfebreriamarmolejo.es\/wp-content\/plugins\/wpforms-lite\/assets\/images\/submit-spin.svg\",\"datePublished\":\"2024-04-12T10:56:27+00:00\",\"dateModified\":\"2024-07-16T10:15:11+00:00\",\"breadcrumb\":{\"@id\":\"https:\/\/orfebreriamarmolejo.es\/formulario-de-contacto-accesibilidad\/#breadcrumb\"},\"inLanguage\":\"en-GB\",\"potentialAction\":[{\"@type\":\"ReadAction\",\"target\":[\"https:\/\/orfebreriamarmolejo.es\/formulario-de-contacto-accesibilidad\/\"]}]},{\"@type\":\"ImageObject\",\"inLanguage\":\"en-GB\",\"@id\":\"https:\/\/orfebreriamarmolejo.es\/formulario-de-contacto-accesibilidad\/#primaryimage\",\"url\":\"https:\/\/orfebreriamarmolejo.es\/wp-content\/plugins\/wpforms-lite\/assets\/images\/submit-spin.svg\",\"contentUrl\":\"https:\/\/orfebreriamarmolejo.es\/wp-content\/plugins\/wpforms-lite\/assets\/images\/submit-spin.svg\"},{\"@type\":\"BreadcrumbList\",\"@id\":\"https:\/\/orfebreriamarmolejo.es\/formulario-de-contacto-accesibilidad\/#breadcrumb\",\"itemListElement\":[{\"@type\":\"ListItem\",\"position\":1,\"name\":\"Portada\",\"item\":\"https:\/\/orfebreriamarmolejo.es\/\"},{\"@type\":\"ListItem\",\"position\":2,\"name\":\"Formulario de contacto: accesibilidad\"}]},{\"@type\":\"WebSite\",\"@id\":\"https:\/\/orfebreriamarmolejo.es\/#website\",\"url\":\"https:\/\/orfebreriamarmolejo.es\/\",\"name\":\"Orfebrer\u00eda Marmolejo - Orfebres en Sevilla\",\"description\":\"\",\"publisher\":{\"@id\":\"https:\/\/orfebreriamarmolejo.es\/#organization\"},\"potentialAction\":[{\"@type\":\"SearchAction\",\"target\":{\"@type\":\"EntryPoint\",\"urlTemplate\":\"https:\/\/orfebreriamarmolejo.es\/?s={search_term_string}\"},\"query-input\":\"required name=search_term_string\"}],\"inLanguage\":\"en-GB\"},{\"@type\":\"Organization\",\"@id\":\"https:\/\/orfebreriamarmolejo.es\/#organization\",\"name\":\"Orfebrer\u00eda Marmolejo - Orfebres en Sevilla\",\"url\":\"https:\/\/orfebreriamarmolejo.es\/\",\"logo\":{\"@type\":\"ImageObject\",\"inLanguage\":\"en-GB\",\"@id\":\"https:\/\/orfebreriamarmolejo.es\/#\/schema\/logo\/image\/\",\"url\":\"https:\/\/orfebreriamarmolejo.es\/wp-content\/uploads\/2024\/02\/logo-2.jpg\",\"contentUrl\":\"https:\/\/orfebreriamarmolejo.es\/wp-content\/uploads\/2024\/02\/logo-2.jpg\",\"width\":1417,\"height\":825,\"caption\":\"Orfebrer\u00eda Marmolejo - Orfebres en Sevilla\"},\"image\":{\"@id\":\"https:\/\/orfebreriamarmolejo.es\/#\/schema\/logo\/image\/\"}}]}<\/script>\n<!-- \/ Yoast SEO plugin. -->","yoast_head_json":{"title":"Formulario de contacto: accesibilidad - Orfebrer\u00eda Marmolejo - Orfebres en Sevilla","robots":{"index":"index","follow":"follow","max-snippet":"max-snippet:-1","max-image-preview":"max-image-preview:large","max-video-preview":"max-video-preview:-1"},"canonical":"https:\/\/orfebreriamarmolejo.es\/en\/formulario-de-contacto-accesibilidad\/","og_locale":"en_GB","og_type":"article","og_title":"Formulario de contacto: accesibilidad - Orfebrer\u00eda Marmolejo - Orfebres en Sevilla","og_description":"A trav\u00e9s de este formulario puede realizar comunicaciones sobre requisitos de accesibilidad (art\u00edculo 10.2.a del RD 1112\/2018): informar sobre cualquier posible incumplimiento por parte de este sitio web, transmitir otras dificultades de acceso al contenido o formular cualquier otra consulta o sugerencia de mejora relativa a la accesibilidad del sitio web. Por favor, activa JavaScript [&hellip;]","og_url":"https:\/\/orfebreriamarmolejo.es\/en\/formulario-de-contacto-accesibilidad\/","og_site_name":"Orfebrer\u00eda Marmolejo - Orfebres en Sevilla","article_modified_time":"2024-07-16T10:15:11+00:00","og_image":[{"url":"https:\/\/orfebreriamarmolejo.es\/wp-content\/plugins\/wpforms-lite\/assets\/images\/submit-spin.svg"}],"twitter_card":"summary_large_image","twitter_misc":{"Estimated reading time":"1 minute"},"schema":{"@context":"https:\/\/schema.org","@graph":[{"@type":"WebPage","@id":"https:\/\/orfebreriamarmolejo.es\/formulario-de-contacto-accesibilidad\/","url":"https:\/\/orfebreriamarmolejo.es\/formulario-de-contacto-accesibilidad\/","name":"Formulario de contacto: accesibilidad - Orfebrer\u00eda Marmolejo - Orfebres en Sevilla","isPartOf":{"@id":"https:\/\/orfebreriamarmolejo.es\/#website"},"primaryImageOfPage":{"@id":"https:\/\/orfebreriamarmolejo.es\/formulario-de-contacto-accesibilidad\/#primaryimage"},"image":{"@id":"https:\/\/orfebreriamarmolejo.es\/formulario-de-contacto-accesibilidad\/#primaryimage"},"thumbnailUrl":"https:\/\/orfebreriamarmolejo.es\/wp-content\/plugins\/wpforms-lite\/assets\/images\/submit-spin.svg","datePublished":"2024-04-12T10:56:27+00:00","dateModified":"2024-07-16T10:15:11+00:00","breadcrumb":{"@id":"https:\/\/orfebreriamarmolejo.es\/formulario-de-contacto-accesibilidad\/#breadcrumb"},"inLanguage":"en-GB","potentialAction":[{"@type":"ReadAction","target":["https:\/\/orfebreriamarmolejo.es\/formulario-de-contacto-accesibilidad\/"]}]},{"@type":"ImageObject","inLanguage":"en-GB","@id":"https:\/\/orfebreriamarmolejo.es\/formulario-de-contacto-accesibilidad\/#primaryimage","url":"https:\/\/orfebreriamarmolejo.es\/wp-content\/plugins\/wpforms-lite\/assets\/images\/submit-spin.svg","contentUrl":"https:\/\/orfebreriamarmolejo.es\/wp-content\/plugins\/wpforms-lite\/assets\/images\/submit-spin.svg"},{"@type":"BreadcrumbList","@id":"https:\/\/orfebreriamarmolejo.es\/formulario-de-contacto-accesibilidad\/#breadcrumb","itemListElement":[{"@type":"ListItem","position":1,"name":"Portada","item":"https:\/\/orfebreriamarmolejo.es\/"},{"@type":"ListItem","position":2,"name":"Formulario de contacto: accesibilidad"}]},{"@type":"WebSite","@id":"https:\/\/orfebreriamarmolejo.es\/#website","url":"https:\/\/orfebreriamarmolejo.es\/","name":"Orfebrer\u00eda Marmolejo - Orfebres en Sevilla","description":"","publisher":{"@id":"https:\/\/orfebreriamarmolejo.es\/#organization"},"potentialAction":[{"@type":"SearchAction","target":{"@type":"EntryPoint","urlTemplate":"https:\/\/orfebreriamarmolejo.es\/?s={search_term_string}"},"query-input":"required name=search_term_string"}],"inLanguage":"en-GB"},{"@type":"Organization","@id":"https:\/\/orfebreriamarmolejo.es\/#organization","name":"Orfebrer\u00eda Marmolejo - Orfebres en Sevilla","url":"https:\/\/orfebreriamarmolejo.es\/","logo":{"@type":"ImageObject","inLanguage":"en-GB","@id":"https:\/\/orfebreriamarmolejo.es\/#\/schema\/logo\/image\/","url":"https:\/\/orfebreriamarmolejo.es\/wp-content\/uploads\/2024\/02\/logo-2.jpg","contentUrl":"https:\/\/orfebreriamarmolejo.es\/wp-content\/uploads\/2024\/02\/logo-2.jpg","width":1417,"height":825,"caption":"Orfebrer\u00eda Marmolejo - Orfebres en Sevilla"},"image":{"@id":"https:\/\/orfebreriamarmolejo.es\/#\/schema\/logo\/image\/"}}]}},"_links":{"self":[{"href":"https:\/\/orfebreriamarmolejo.es\/en\/wp-json\/wp\/v2\/pages\/1158"}],"collection":[{"href":"https:\/\/orfebreriamarmolejo.es\/en\/wp-json\/wp\/v2\/pages"}],"about":[{"href":"https:\/\/orfebreriamarmolejo.es\/en\/wp-json\/wp\/v2\/types\/page"}],"author":[{"embeddable":true,"href":"https:\/\/orfebreriamarmolejo.es\/en\/wp-json\/wp\/v2\/users\/1"}],"replies":[{"embeddable":true,"href":"https:\/\/orfebreriamarmolejo.es\/en\/wp-json\/wp\/v2\/comments?post=1158"}],"version-history":[{"count":0,"href":"https:\/\/orfebreriamarmolejo.es\/en\/wp-json\/wp\/v2\/pages\/1158\/revisions"}],"wp:attachment":[{"href":"https:\/\/orfebreriamarmolejo.es\/en\/wp-json\/wp\/v2\/media?parent=1158"}],"curies":[{"name":"wp","href":"https:\/\/api.w.org\/{rel}","templated":true}]}}